{"id":207,"date":"2016-06-17T11:03:34","date_gmt":"2016-06-17T11:03:34","guid":{"rendered":"http:\/\/eris.tkdvl.com\/?page_id=207"},"modified":"2021-08-02T06:21:32","modified_gmt":"2021-08-02T06:21:32","slug":"contact-2","status":"publish","type":"page","link":"https:\/\/rosa-arte.com\/en\/contact-2\/","title":{"rendered":"Contacto"},"content":{"rendered":"\n<p class=\"has-text-align-center\">Para cualquier consulta o si estas interesado en alguna de mis obras puedes contactar conmigo a trav\u00e9s de:<\/p>\n\n\n\n<div class=\"wp-block-columns is-layout-flex wp-container-core-columns-is-layout-9d6595d7 wp-block-columns-is-layout-flex\">\n<div class=\"wp-block-column is-layout-flow wp-block-column-is-layout-flow\">\n<p class=\"has-text-align-center\"><strong>Tel\u00e9fono:<\/strong> +34 626 65 79 74<strong><br>Email:<\/strong> rosaarte.contacto@gmail.com<\/p>\n<\/div>\n\n\n\n<div class=\"wp-block-column is-layout-flow wp-block-column-is-layout-flow\">\n<p class=\"has-text-align-center\"><strong>Facebook <\/strong>@rosaarte.galeria<br><strong>Instagram<\/strong> @rosa.arte.galeria<\/p>\n<\/div>\n<\/div>\n\n\n\n<figure class=\"wp-block-image size-full\"><img data-recalc-dims=\"1\" loading=\"lazy\" decoding=\"async\" width=\"1100\" height=\"477\" src=\"https:\/\/i0.wp.com\/rosa-arte.com\/wp-content\/uploads\/2021\/06\/Pinceles-rosa-artista-sobre-mi-bio2.jpg?resize=1100%2C477&#038;ssl=1\" alt=\"\" class=\"wp-image-1002\" srcset=\"https:\/\/i0.wp.com\/rosa-arte.com\/wp-content\/uploads\/2021\/06\/Pinceles-rosa-artista-sobre-mi-bio2.jpg?w=1240&amp;ssl=1 1240w, https:\/\/i0.wp.com\/rosa-arte.com\/wp-content\/uploads\/2021\/06\/Pinceles-rosa-artista-sobre-mi-bio2.jpg?resize=300%2C130&amp;ssl=1 300w, https:\/\/i0.wp.com\/rosa-arte.com\/wp-content\/uploads\/2021\/06\/Pinceles-rosa-artista-sobre-mi-bio2.jpg?resize=1024%2C444&amp;ssl=1 1024w, https:\/\/i0.wp.com\/rosa-arte.com\/wp-content\/uploads\/2021\/06\/Pinceles-rosa-artista-sobre-mi-bio2.jpg?resize=768%2C333&amp;ssl=1 768w, https:\/\/i0.wp.com\/rosa-arte.com\/wp-content\/uploads\/2021\/06\/Pinceles-rosa-artista-sobre-mi-bio2.jpg?resize=16%2C7&amp;ssl=1 16w, https:\/\/i0.wp.com\/rosa-arte.com\/wp-content\/uploads\/2021\/06\/Pinceles-rosa-artista-sobre-mi-bio2.jpg?resize=1100%2C477&amp;ssl=1 1100w, https:\/\/i0.wp.com\/rosa-arte.com\/wp-content\/uploads\/2021\/06\/Pinceles-rosa-artista-sobre-mi-bio2.jpg?resize=550%2C239&amp;ssl=1 550w, https:\/\/i0.wp.com\/rosa-arte.com\/wp-content\/uploads\/2021\/06\/Pinceles-rosa-artista-sobre-mi-bio2.jpg?resize=160%2C69&amp;ssl=1 160w\" sizes=\"auto, (max-width: 1100px) 100vw, 1100px\" \/><\/figure>\n\n\n\n<p>O si lo prefieres me puedes enviar un mensaje a trav\u00e9s del siguiente formulario:<\/p>\n\n\n\n\t\t<div class=\"coblocks-form\" id=\"8818a29b60b3da734eadd0bbf31e7864c72c340f\">\n\n\t\t\t\n\t\t\t<form action=\"https:\/\/rosa-arte.com\/en\/contact-2\/#8818a29b60b3da734eadd0bbf31e7864c72c340f\" method=\"post\">\n\t\t\t\t\n<label class=\"coblocks-label\">Nombre <span class=\"required\">&#042;<\/span><\/label>\n\t\t<input type=\"hidden\" name=\"field-nombre[label]\" value=\"Nombre\">\n\n\t\t\t\t<input type=\"hidden\" id=\"name-field-id\" name=\"name-field-id\" class=\"coblocks-name-field-id\" value=\"field-nombre\" \/>\n\t\t\n\t\t<input type=\"text\" id=\"nombre\" name=\"field-nombre[value]\" class=\"coblocks-field coblocks-field--name\" required \/>\n\n\t\t\n\n<label class=\"coblocks-label\">Email <span class=\"required\">&#042;<\/span><\/label>\n\t\t<input type=\"hidden\" name=\"field-email[label]\" value=\"Email\">\n\n\t\t\n\t\t<input type=\"hidden\" id=\"email-field-id\" name=\"email-field-id\" class=\"coblocks-email-field-id\" value=\"field-email\" \/>\n\t\t<input type=\"email\" id=\"email\" aria-label=\"Email\" name=\"field-email[value]\" class=\"coblocks-field coblocks-field--email\" required \/>\n\n\t\t\n\n<label class=\"coblocks-label\">Mensaje <span class=\"required\">&#042;<\/span><\/label>\n\t\t<input type=\"hidden\" name=\"field-mensaje[label]\" value=\"Mensaje\">\n\n\t\t\n\t\t<textarea name=\"field-mensaje[value]\" aria-label=\"Mensaje\" id=\"mensaje\" class=\"coblocks-field coblocks-textarea\" rows=\"20\" required><\/textarea>\n\n\t\t\n\n\n\t\t<div class=\"coblocks-form__submit wp-block-button\">\n\t\t\t<button type=\"submit\" class=\"wp-block-button__link\" style=\"\">Enviar<\/button>\n\t\t\t<input type=\"hidden\" id=\"form-submit\" name=\"form-submit\" value=\"566ad521d1\" \/><input type=\"hidden\" name=\"_wp_http_referer\" value=\"\/en\/wp-json\/wp\/v2\/pages\/207\" \/>\t\t\t<input type=\"hidden\" name=\"action\" value=\"coblocks-form-submit\">\n\n\t\t\t\t\t<\/div>\n\n\t\t\n\t\t\t\t<input class=\"coblocks-field verify\" aria-label=\"Enter your email address to verify\" type=\"email\" name=\"coblocks-verify-email\" autocomplete=\"off\" placeholder=\"Email\" tabindex=\"-1\">\n\t\t\t\t<input type=\"hidden\" name=\"form-hash\" value=\"8818a29b60b3da734eadd0bbf31e7864c72c340f\">\n\n\t\t\t\t\t\t\t<\/form>\n\n\t\t<\/div>\n\n\t\t","protected":false},"excerpt":{"rendered":"<p>Para cualquier consulta o si estas interesado en alguna de mis obras puedes contactar conmigo a trav\u00e9s de: Tel\u00e9fono: +34 626 65 79 74Email: rosaarte.contacto@gmail.com Facebook @rosaarte.galeriaInstagram @rosa.arte.galeria O si lo prefieres me puedes enviar un mensaje a trav\u00e9s del siguiente formulario:<\/p>\n<a class=\"read-more-link\" href=\" https:\/\/rosa-arte.com\/en\/contact-2\/ \">Read more<\/a>","protected":false},"author":1,"featured_media":0,"parent":0,"menu_order":0,"comment_status":"closed","ping_status":"closed","template":"","meta":{"_coblocks_attr":"","_coblocks_dimensions":"","_coblocks_responsive_height":"","_coblocks_accordion_ie_support":"","inline_featured_image":false,"footnotes":""},"class_list":["post-207","page","type-page","status-publish","hentry"],"yoast_head":"<!-- This site is optimized with the Yoast SEO plugin v27.5 - https:\/\/yoast.com\/product\/yoast-seo-wordpress\/ -->\n<title>Contacto - Rosa Arte<\/title>\n<meta name=\"description\" content=\"Si est\u00e1s interesado en alguna de las obras puedes contactar a trav\u00e9s del tel\u00e9fono o email que encontrar\u00e1s en la web.\" \/>\n<meta name=\"robots\" content=\"index, follow, max-snippet:-1, max-image-preview:large, max-video-preview:-1\" \/>\n<link rel=\"canonical\" href=\"https:\/\/rosa-arte.com\/en\/contact-2\/\" \/>\n<meta property=\"og:locale\" content=\"en_US\" \/>\n<meta property=\"og:type\" content=\"article\" \/>\n<meta property=\"og:title\" content=\"Contacto - Rosa Arte\" \/>\n<meta property=\"og:description\" content=\"Si est\u00e1s interesado en alguna de las obras puedes contactar a trav\u00e9s del tel\u00e9fono o email que encontrar\u00e1s en la web.\" \/>\n<meta property=\"og:url\" content=\"https:\/\/rosa-arte.com\/en\/contact-2\/\" \/>\n<meta property=\"og:site_name\" content=\"Rosa Arte\" \/>\n<meta property=\"article:publisher\" content=\"https:\/\/www.facebook.com\/Rosaarte.galeria\" \/>\n<meta property=\"article:modified_time\" content=\"2021-08-02T06:21:32+00:00\" \/>\n<meta property=\"og:image\" content=\"https:\/\/rosa-arte.com\/wp-content\/uploads\/2021\/06\/Pinceles-rosa-artista-sobre-mi-bio2.jpg\" \/>\n<meta name=\"twitter:card\" content=\"summary_large_image\" \/>\n<meta name=\"twitter:label1\" content=\"Est. reading time\" \/>\n\t<meta name=\"twitter:data1\" content=\"1 minute\" \/>\n<script type=\"application\/ld+json\" class=\"yoast-schema-graph\">{\"@context\":\"https:\\\/\\\/schema.org\",\"@graph\":[{\"@type\":\"WebPage\",\"@id\":\"https:\\\/\\\/rosa-arte.com\\\/contact-2\\\/\",\"url\":\"https:\\\/\\\/rosa-arte.com\\\/contact-2\\\/\",\"name\":\"Contacto - Rosa Arte\",\"isPartOf\":{\"@id\":\"https:\\\/\\\/rosa-arte.com\\\/#website\"},\"primaryImageOfPage\":{\"@id\":\"https:\\\/\\\/rosa-arte.com\\\/contact-2\\\/#primaryimage\"},\"image\":{\"@id\":\"https:\\\/\\\/rosa-arte.com\\\/contact-2\\\/#primaryimage\"},\"thumbnailUrl\":\"https:\\\/\\\/rosa-arte.com\\\/wp-content\\\/uploads\\\/2021\\\/06\\\/Pinceles-rosa-artista-sobre-mi-bio2.jpg\",\"datePublished\":\"2016-06-17T11:03:34+00:00\",\"dateModified\":\"2021-08-02T06:21:32+00:00\",\"description\":\"Si est\u00e1s interesado en alguna de las obras puedes contactar a trav\u00e9s del tel\u00e9fono o email que encontrar\u00e1s en la web.\",\"breadcrumb\":{\"@id\":\"https:\\\/\\\/rosa-arte.com\\\/contact-2\\\/#breadcrumb\"},\"inLanguage\":\"en-AU\",\"potentialAction\":[{\"@type\":\"ReadAction\",\"target\":[\"https:\\\/\\\/rosa-arte.com\\\/contact-2\\\/\"]}]},{\"@type\":\"ImageObject\",\"inLanguage\":\"en-AU\",\"@id\":\"https:\\\/\\\/rosa-arte.com\\\/contact-2\\\/#primaryimage\",\"url\":\"https:\\\/\\\/rosa-arte.com\\\/wp-content\\\/uploads\\\/2021\\\/06\\\/Pinceles-rosa-artista-sobre-mi-bio2.jpg\",\"contentUrl\":\"https:\\\/\\\/rosa-arte.com\\\/wp-content\\\/uploads\\\/2021\\\/06\\\/Pinceles-rosa-artista-sobre-mi-bio2.jpg\"},{\"@type\":\"BreadcrumbList\",\"@id\":\"https:\\\/\\\/rosa-arte.com\\\/contact-2\\\/#breadcrumb\",\"itemListElement\":[{\"@type\":\"ListItem\",\"position\":1,\"name\":\"Home\",\"item\":\"https:\\\/\\\/rosa-arte.com\\\/\"},{\"@type\":\"ListItem\",\"position\":2,\"name\":\"Contacto\"}]},{\"@type\":\"WebSite\",\"@id\":\"https:\\\/\\\/rosa-arte.com\\\/#website\",\"url\":\"https:\\\/\\\/rosa-arte.com\\\/\",\"name\":\"Rosa Arte\",\"description\":\"\",\"publisher\":{\"@id\":\"https:\\\/\\\/rosa-arte.com\\\/#organization\"},\"potentialAction\":[{\"@type\":\"SearchAction\",\"target\":{\"@type\":\"EntryPoint\",\"urlTemplate\":\"https:\\\/\\\/rosa-arte.com\\\/?s={search_term_string}\"},\"query-input\":{\"@type\":\"PropertyValueSpecification\",\"valueRequired\":true,\"valueName\":\"search_term_string\"}}],\"inLanguage\":\"en-AU\"},{\"@type\":\"Organization\",\"@id\":\"https:\\\/\\\/rosa-arte.com\\\/#organization\",\"name\":\"Rosa Arte\",\"url\":\"https:\\\/\\\/rosa-arte.com\\\/\",\"logo\":{\"@type\":\"ImageObject\",\"inLanguage\":\"en-AU\",\"@id\":\"https:\\\/\\\/rosa-arte.com\\\/#\\\/schema\\\/logo\\\/image\\\/\",\"url\":\"https:\\\/\\\/i1.wp.com\\\/rosa-arte.com\\\/wp-content\\\/uploads\\\/2021\\\/07\\\/FB-Logo.jpg?fit=180%2C180&ssl=1\",\"contentUrl\":\"https:\\\/\\\/i1.wp.com\\\/rosa-arte.com\\\/wp-content\\\/uploads\\\/2021\\\/07\\\/FB-Logo.jpg?fit=180%2C180&ssl=1\",\"width\":180,\"height\":180,\"caption\":\"Rosa Arte\"},\"image\":{\"@id\":\"https:\\\/\\\/rosa-arte.com\\\/#\\\/schema\\\/logo\\\/image\\\/\"},\"sameAs\":[\"https:\\\/\\\/www.facebook.com\\\/Rosaarte.galeria\",\"https:\\\/\\\/www.instagram.com\\\/rosa_arte_galeria\\\/\"]}]}<\/script>\n<!-- \/ Yoast SEO plugin. -->","yoast_head_json":{"title":"Contacto - Rosa Arte","description":"Si est\u00e1s interesado en alguna de las obras puedes contactar a trav\u00e9s del tel\u00e9fono o email que encontrar\u00e1s en la web.","robots":{"index":"index","follow":"follow","max-snippet":"max-snippet:-1","max-image-preview":"max-image-preview:large","max-video-preview":"max-video-preview:-1"},"canonical":"https:\/\/rosa-arte.com\/en\/contact-2\/","og_locale":"en_US","og_type":"article","og_title":"Contacto - Rosa Arte","og_description":"Si est\u00e1s interesado en alguna de las obras puedes contactar a trav\u00e9s del tel\u00e9fono o email que encontrar\u00e1s en la web.","og_url":"https:\/\/rosa-arte.com\/en\/contact-2\/","og_site_name":"Rosa Arte","article_publisher":"https:\/\/www.facebook.com\/Rosaarte.galeria","article_modified_time":"2021-08-02T06:21:32+00:00","og_image":[{"url":"https:\/\/rosa-arte.com\/wp-content\/uploads\/2021\/06\/Pinceles-rosa-artista-sobre-mi-bio2.jpg","type":"","width":"","height":""}],"twitter_card":"summary_large_image","twitter_misc":{"Est. reading time":"1 minute"},"schema":{"@context":"https:\/\/schema.org","@graph":[{"@type":"WebPage","@id":"https:\/\/rosa-arte.com\/contact-2\/","url":"https:\/\/rosa-arte.com\/contact-2\/","name":"Contacto - Rosa Arte","isPartOf":{"@id":"https:\/\/rosa-arte.com\/#website"},"primaryImageOfPage":{"@id":"https:\/\/rosa-arte.com\/contact-2\/#primaryimage"},"image":{"@id":"https:\/\/rosa-arte.com\/contact-2\/#primaryimage"},"thumbnailUrl":"https:\/\/rosa-arte.com\/wp-content\/uploads\/2021\/06\/Pinceles-rosa-artista-sobre-mi-bio2.jpg","datePublished":"2016-06-17T11:03:34+00:00","dateModified":"2021-08-02T06:21:32+00:00","description":"Si est\u00e1s interesado en alguna de las obras puedes contactar a trav\u00e9s del tel\u00e9fono o email que encontrar\u00e1s en la web.","breadcrumb":{"@id":"https:\/\/rosa-arte.com\/contact-2\/#breadcrumb"},"inLanguage":"en-AU","potentialAction":[{"@type":"ReadAction","target":["https:\/\/rosa-arte.com\/contact-2\/"]}]},{"@type":"ImageObject","inLanguage":"en-AU","@id":"https:\/\/rosa-arte.com\/contact-2\/#primaryimage","url":"https:\/\/rosa-arte.com\/wp-content\/uploads\/2021\/06\/Pinceles-rosa-artista-sobre-mi-bio2.jpg","contentUrl":"https:\/\/rosa-arte.com\/wp-content\/uploads\/2021\/06\/Pinceles-rosa-artista-sobre-mi-bio2.jpg"},{"@type":"BreadcrumbList","@id":"https:\/\/rosa-arte.com\/contact-2\/#breadcrumb","itemListElement":[{"@type":"ListItem","position":1,"name":"Home","item":"https:\/\/rosa-arte.com\/"},{"@type":"ListItem","position":2,"name":"Contacto"}]},{"@type":"WebSite","@id":"https:\/\/rosa-arte.com\/#website","url":"https:\/\/rosa-arte.com\/","name":"Rosa Arte","description":"","publisher":{"@id":"https:\/\/rosa-arte.com\/#organization"},"potentialAction":[{"@type":"SearchAction","target":{"@type":"EntryPoint","urlTemplate":"https:\/\/rosa-arte.com\/?s={search_term_string}"},"query-input":{"@type":"PropertyValueSpecification","valueRequired":true,"valueName":"search_term_string"}}],"inLanguage":"en-AU"},{"@type":"Organization","@id":"https:\/\/rosa-arte.com\/#organization","name":"Rosa Arte","url":"https:\/\/rosa-arte.com\/","logo":{"@type":"ImageObject","inLanguage":"en-AU","@id":"https:\/\/rosa-arte.com\/#\/schema\/logo\/image\/","url":"https:\/\/i1.wp.com\/rosa-arte.com\/wp-content\/uploads\/2021\/07\/FB-Logo.jpg?fit=180%2C180&ssl=1","contentUrl":"https:\/\/i1.wp.com\/rosa-arte.com\/wp-content\/uploads\/2021\/07\/FB-Logo.jpg?fit=180%2C180&ssl=1","width":180,"height":180,"caption":"Rosa Arte"},"image":{"@id":"https:\/\/rosa-arte.com\/#\/schema\/logo\/image\/"},"sameAs":["https:\/\/www.facebook.com\/Rosaarte.galeria","https:\/\/www.instagram.com\/rosa_arte_galeria\/"]}]}},"jetpack_sharing_enabled":false,"_links":{"self":[{"href":"https:\/\/rosa-arte.com\/en\/wp-json\/wp\/v2\/pages\/207","targetHints":{"allow":["GET"]}}],"collection":[{"href":"https:\/\/rosa-arte.com\/en\/wp-json\/wp\/v2\/pages"}],"about":[{"href":"https:\/\/rosa-arte.com\/en\/wp-json\/wp\/v2\/types\/page"}],"author":[{"embeddable":true,"href":"https:\/\/rosa-arte.com\/en\/wp-json\/wp\/v2\/users\/1"}],"replies":[{"embeddable":true,"href":"https:\/\/rosa-arte.com\/en\/wp-json\/wp\/v2\/comments?post=207"}],"version-history":[{"count":37,"href":"https:\/\/rosa-arte.com\/en\/wp-json\/wp\/v2\/pages\/207\/revisions"}],"predecessor-version":[{"id":1107,"href":"https:\/\/rosa-arte.com\/en\/wp-json\/wp\/v2\/pages\/207\/revisions\/1107"}],"wp:attachment":[{"href":"https:\/\/rosa-arte.com\/en\/wp-json\/wp\/v2\/media?parent=207"}],"curies":[{"name":"wp","href":"https:\/\/api.w.org\/{rel}","templated":true}]}}