{"id":322,"date":"2016-06-06T11:32:06","date_gmt":"2016-06-06T11:32:06","guid":{"rendered":"http:\/\/eris.tkdvl.com\/?page_id=7"},"modified":"2021-08-02T06:17:19","modified_gmt":"2021-08-02T06:17:19","slug":"home","status":"publish","type":"page","link":"https:\/\/rosa-arte.com\/en\/","title":{"rendered":"Cuadros"},"content":{"rendered":"","protected":false},"excerpt":{"rendered":"<a class=\"read-more-link\" href=\" https:\/\/rosa-arte.com\/en\/ \">Read more<\/a>","protected":false},"author":1,"featured_media":0,"parent":0,"menu_order":0,"comment_status":"closed","ping_status":"closed","template":"templates\/portfolio-page.php","meta":{"_coblocks_attr":"","_coblocks_dimensions":"","_coblocks_responsive_height":"","_coblocks_accordion_ie_support":"","inline_featured_image":false,"footnotes":""},"class_list":["post-322","page","type-page","status-publish","hentry"],"yoast_head":"<!-- This site is optimized with the Yoast SEO plugin v27.5 - https:\/\/yoast.com\/product\/yoast-seo-wordpress\/ -->\n<title>Cuadros - Rosa Arte<\/title>\n<meta name=\"description\" content=\"Aqu\u00ed podr\u00e9is encontrar las obras de la artista madrile\u00f1a Rosa Rodr\u00edguez.Tanto cuadros finalizados y a la venta, como un servicio donde podr\u00e9is encargar obras personalizadas.\" \/>\n<meta name=\"robots\" content=\"index, follow, max-snippet:-1, max-image-preview:large, max-video-preview:-1\" \/>\n<link rel=\"canonical\" href=\"https:\/\/rosa-arte.com\/en\/\" \/>\n<meta property=\"og:locale\" content=\"en_US\" \/>\n<meta property=\"og:type\" content=\"article\" \/>\n<meta property=\"og:title\" content=\"Rosa Arte\" \/>\n<meta property=\"og:description\" content=\"Descubre las obras de la artista espa\u00f1ola Rosa Rodr\u00edguez\" \/>\n<meta property=\"og:url\" content=\"https:\/\/rosa-arte.com\/en\/\" \/>\n<meta property=\"og:site_name\" content=\"Rosa Arte\" \/>\n<meta property=\"article:publisher\" content=\"https:\/\/www.facebook.com\/Rosaarte.galeria\" \/>\n<meta property=\"article:modified_time\" content=\"2021-08-02T06:17:19+00:00\" \/>\n<meta property=\"og:image\" content=\"https:\/\/i2.wp.com\/rosa-arte.com\/wp-content\/uploads\/2021\/07\/200x200-FB.jpg?fit=200%2C200&ssl=1\" \/>\n\t<meta property=\"og:image:width\" content=\"200\" \/>\n\t<meta property=\"og:image:height\" content=\"200\" \/>\n\t<meta property=\"og:image:type\" content=\"image\/jpeg\" \/>\n<meta name=\"twitter:card\" content=\"summary_large_image\" \/>\n<script type=\"application\/ld+json\" class=\"yoast-schema-graph\">{\"@context\":\"https:\\\/\\\/schema.org\",\"@graph\":[{\"@type\":\"WebPage\",\"@id\":\"https:\\\/\\\/rosa-arte.com\\\/\",\"url\":\"https:\\\/\\\/rosa-arte.com\\\/\",\"name\":\"Cuadros - Rosa Arte\",\"isPartOf\":{\"@id\":\"https:\\\/\\\/rosa-arte.com\\\/#website\"},\"datePublished\":\"2016-06-06T11:32:06+00:00\",\"dateModified\":\"2021-08-02T06:17:19+00:00\",\"description\":\"Aqu\u00ed podr\u00e9is encontrar las obras de la artista madrile\u00f1a Rosa Rodr\u00edguez.Tanto cuadros finalizados y a la venta, como un servicio donde podr\u00e9is encargar obras personalizadas.\",\"breadcrumb\":{\"@id\":\"https:\\\/\\\/rosa-arte.com\\\/#breadcrumb\"},\"inLanguage\":\"en-AU\",\"potentialAction\":[{\"@type\":\"ReadAction\",\"target\":[\"https:\\\/\\\/rosa-arte.com\\\/\"]}]},{\"@type\":\"BreadcrumbList\",\"@id\":\"https:\\\/\\\/rosa-arte.com\\\/#breadcrumb\",\"itemListElement\":[{\"@type\":\"ListItem\",\"position\":1,\"name\":\"Home\",\"item\":\"https:\\\/\\\/rosa-arte.com\\\/\"},{\"@type\":\"ListItem\",\"position\":2,\"name\":\"Cuadros\"}]},{\"@type\":\"WebSite\",\"@id\":\"https:\\\/\\\/rosa-arte.com\\\/#website\",\"url\":\"https:\\\/\\\/rosa-arte.com\\\/\",\"name\":\"Rosa Arte\",\"description\":\"\",\"publisher\":{\"@id\":\"https:\\\/\\\/rosa-arte.com\\\/#organization\"},\"potentialAction\":[{\"@type\":\"SearchAction\",\"target\":{\"@type\":\"EntryPoint\",\"urlTemplate\":\"https:\\\/\\\/rosa-arte.com\\\/?s={search_term_string}\"},\"query-input\":{\"@type\":\"PropertyValueSpecification\",\"valueRequired\":true,\"valueName\":\"search_term_string\"}}],\"inLanguage\":\"en-AU\"},{\"@type\":\"Organization\",\"@id\":\"https:\\\/\\\/rosa-arte.com\\\/#organization\",\"name\":\"Rosa Arte\",\"url\":\"https:\\\/\\\/rosa-arte.com\\\/\",\"logo\":{\"@type\":\"ImageObject\",\"inLanguage\":\"en-AU\",\"@id\":\"https:\\\/\\\/rosa-arte.com\\\/#\\\/schema\\\/logo\\\/image\\\/\",\"url\":\"https:\\\/\\\/i1.wp.com\\\/rosa-arte.com\\\/wp-content\\\/uploads\\\/2021\\\/07\\\/FB-Logo.jpg?fit=180%2C180&ssl=1\",\"contentUrl\":\"https:\\\/\\\/i1.wp.com\\\/rosa-arte.com\\\/wp-content\\\/uploads\\\/2021\\\/07\\\/FB-Logo.jpg?fit=180%2C180&ssl=1\",\"width\":180,\"height\":180,\"caption\":\"Rosa Arte\"},\"image\":{\"@id\":\"https:\\\/\\\/rosa-arte.com\\\/#\\\/schema\\\/logo\\\/image\\\/\"},\"sameAs\":[\"https:\\\/\\\/www.facebook.com\\\/Rosaarte.galeria\",\"https:\\\/\\\/www.instagram.com\\\/rosa_arte_galeria\\\/\"]}]}<\/script>\n<!-- \/ Yoast SEO plugin. -->","yoast_head_json":{"title":"Cuadros - Rosa Arte","description":"Aqu\u00ed podr\u00e9is encontrar las obras de la artista madrile\u00f1a Rosa Rodr\u00edguez.Tanto cuadros finalizados y a la venta, como un servicio donde podr\u00e9is encargar obras personalizadas.","robots":{"index":"index","follow":"follow","max-snippet":"max-snippet:-1","max-image-preview":"max-image-preview:large","max-video-preview":"max-video-preview:-1"},"canonical":"https:\/\/rosa-arte.com\/en\/","og_locale":"en_US","og_type":"article","og_title":"Rosa Arte","og_description":"Descubre las obras de la artista espa\u00f1ola Rosa Rodr\u00edguez","og_url":"https:\/\/rosa-arte.com\/en\/","og_site_name":"Rosa Arte","article_publisher":"https:\/\/www.facebook.com\/Rosaarte.galeria","article_modified_time":"2021-08-02T06:17:19+00:00","og_image":[{"width":200,"height":200,"url":"https:\/\/i2.wp.com\/rosa-arte.com\/wp-content\/uploads\/2021\/07\/200x200-FB.jpg?fit=200%2C200&ssl=1","type":"image\/jpeg"}],"twitter_card":"summary_large_image","schema":{"@context":"https:\/\/schema.org","@graph":[{"@type":"WebPage","@id":"https:\/\/rosa-arte.com\/","url":"https:\/\/rosa-arte.com\/","name":"Cuadros - Rosa Arte","isPartOf":{"@id":"https:\/\/rosa-arte.com\/#website"},"datePublished":"2016-06-06T11:32:06+00:00","dateModified":"2021-08-02T06:17:19+00:00","description":"Aqu\u00ed podr\u00e9is encontrar las obras de la artista madrile\u00f1a Rosa Rodr\u00edguez.Tanto cuadros finalizados y a la venta, como un servicio donde podr\u00e9is encargar obras personalizadas.","breadcrumb":{"@id":"https:\/\/rosa-arte.com\/#breadcrumb"},"inLanguage":"en-AU","potentialAction":[{"@type":"ReadAction","target":["https:\/\/rosa-arte.com\/"]}]},{"@type":"BreadcrumbList","@id":"https:\/\/rosa-arte.com\/#breadcrumb","itemListElement":[{"@type":"ListItem","position":1,"name":"Home","item":"https:\/\/rosa-arte.com\/"},{"@type":"ListItem","position":2,"name":"Cuadros"}]},{"@type":"WebSite","@id":"https:\/\/rosa-arte.com\/#website","url":"https:\/\/rosa-arte.com\/","name":"Rosa Arte","description":"","publisher":{"@id":"https:\/\/rosa-arte.com\/#organization"},"potentialAction":[{"@type":"SearchAction","target":{"@type":"EntryPoint","urlTemplate":"https:\/\/rosa-arte.com\/?s={search_term_string}"},"query-input":{"@type":"PropertyValueSpecification","valueRequired":true,"valueName":"search_term_string"}}],"inLanguage":"en-AU"},{"@type":"Organization","@id":"https:\/\/rosa-arte.com\/#organization","name":"Rosa Arte","url":"https:\/\/rosa-arte.com\/","logo":{"@type":"ImageObject","inLanguage":"en-AU","@id":"https:\/\/rosa-arte.com\/#\/schema\/logo\/image\/","url":"https:\/\/i1.wp.com\/rosa-arte.com\/wp-content\/uploads\/2021\/07\/FB-Logo.jpg?fit=180%2C180&ssl=1","contentUrl":"https:\/\/i1.wp.com\/rosa-arte.com\/wp-content\/uploads\/2021\/07\/FB-Logo.jpg?fit=180%2C180&ssl=1","width":180,"height":180,"caption":"Rosa Arte"},"image":{"@id":"https:\/\/rosa-arte.com\/#\/schema\/logo\/image\/"},"sameAs":["https:\/\/www.facebook.com\/Rosaarte.galeria","https:\/\/www.instagram.com\/rosa_arte_galeria\/"]}]}},"jetpack_sharing_enabled":true,"_links":{"self":[{"href":"https:\/\/rosa-arte.com\/en\/wp-json\/wp\/v2\/pages\/322","targetHints":{"allow":["GET"]}}],"collection":[{"href":"https:\/\/rosa-arte.com\/en\/wp-json\/wp\/v2\/pages"}],"about":[{"href":"https:\/\/rosa-arte.com\/en\/wp-json\/wp\/v2\/types\/page"}],"author":[{"embeddable":true,"href":"https:\/\/rosa-arte.com\/en\/wp-json\/wp\/v2\/users\/1"}],"replies":[{"embeddable":true,"href":"https:\/\/rosa-arte.com\/en\/wp-json\/wp\/v2\/comments?post=322"}],"version-history":[{"count":1,"href":"https:\/\/rosa-arte.com\/en\/wp-json\/wp\/v2\/pages\/322\/revisions"}],"predecessor-version":[{"id":660,"href":"https:\/\/rosa-arte.com\/en\/wp-json\/wp\/v2\/pages\/322\/revisions\/660"}],"wp:attachment":[{"href":"https:\/\/rosa-arte.com\/en\/wp-json\/wp\/v2\/media?parent=322"}],"curies":[{"name":"wp","href":"https:\/\/api.w.org\/{rel}","templated":true}]}}