{"id":363,"date":"2016-06-06T11:32:25","date_gmt":"2016-06-06T11:32:25","guid":{"rendered":"http:\/\/eris.tkdvl.com\/?page_id=11"},"modified":"2021-08-30T02:24:42","modified_gmt":"2021-08-30T02:24:42","slug":"about","status":"publish","type":"page","link":"https:\/\/rosa-arte.com\/en\/about\/","title":{"rendered":"Sobre M\u00ed"},"content":{"rendered":"<h4 class=\"wp-block-heading\">Artista nacida en Madrid<\/h4>\n\n\n\n<div class=\"wp-block-columns is-layout-flex wp-container-core-columns-is-layout-9d6595d7 wp-block-columns-is-layout-flex\">\n<div class=\"wp-block-column is-layout-flow wp-block-column-is-layout-flow\">\n<p><span class=\"dropcap\">D<\/span>esde temprana edad he sentido atracci\u00f3n por el mundo de las artes pl\u00e1sticas y visuales.<\/p>\n\n\n\n<p>Mi inter\u00e9s siempre ha estado orientado hacia t\u00e9cnicas expresionistas e impresionistas, con claros referentes como Picasso, Matisse, Monet\u2026<\/p>\n\n\n\n<p>Me gustar innovar y trabajar diferentes t\u00e9cnicas y materiales, a lo largo de mi trayectoria en mis obras pod\u00e9is encontrar desde cubismo hasta collage, pasando por explosiones de color hasta llegar a pinturas bicolor, como he dicho previamente me gusta experimentar y reinventarme.<\/p>\n\n\n\n<p>Mis cuadros se inspiran principalmente en experiencias vividas. He tenido la suerte de recorrer mucho mundo a lo largo de los a\u00f1os, todos esos nuevos lugares y experiencias me ayudan a volver a mi estudio llena de inspiraci\u00f3n y lista para enfrentarme al lienzo en blanco con una nueva perspectiva.<\/p>\n<\/div>\n\n\n\n<div class=\"wp-block-column is-layout-flow wp-block-column-is-layout-flow\">\n<div class=\"wp-block-image\"><figure class=\"aligncenter size-large\"><img data-recalc-dims=\"1\" loading=\"lazy\" decoding=\"async\" width=\"1024\" height=\"576\" src=\"https:\/\/i0.wp.com\/rosa-arte.com\/wp-content\/uploads\/2021\/06\/rosa-arte-retrato-sobre-mi-bio-1.jpg?resize=1024%2C576&#038;ssl=1\" alt=\"\" class=\"wp-image-989\" srcset=\"https:\/\/i0.wp.com\/rosa-arte.com\/wp-content\/uploads\/2021\/06\/rosa-arte-retrato-sobre-mi-bio-1.jpg?resize=1024%2C576&amp;ssl=1 1024w, https:\/\/i0.wp.com\/rosa-arte.com\/wp-content\/uploads\/2021\/06\/rosa-arte-retrato-sobre-mi-bio-1.jpg?resize=300%2C169&amp;ssl=1 300w, https:\/\/i0.wp.com\/rosa-arte.com\/wp-content\/uploads\/2021\/06\/rosa-arte-retrato-sobre-mi-bio-1.jpg?resize=768%2C432&amp;ssl=1 768w, https:\/\/i0.wp.com\/rosa-arte.com\/wp-content\/uploads\/2021\/06\/rosa-arte-retrato-sobre-mi-bio-1.jpg?resize=16%2C9&amp;ssl=1 16w, https:\/\/i0.wp.com\/rosa-arte.com\/wp-content\/uploads\/2021\/06\/rosa-arte-retrato-sobre-mi-bio-1.jpg?resize=1100%2C619&amp;ssl=1 1100w, https:\/\/i0.wp.com\/rosa-arte.com\/wp-content\/uploads\/2021\/06\/rosa-arte-retrato-sobre-mi-bio-1.jpg?resize=550%2C310&amp;ssl=1 550w, https:\/\/i0.wp.com\/rosa-arte.com\/wp-content\/uploads\/2021\/06\/rosa-arte-retrato-sobre-mi-bio-1.jpg?resize=160%2C90&amp;ssl=1 160w, https:\/\/i0.wp.com\/rosa-arte.com\/wp-content\/uploads\/2021\/06\/rosa-arte-retrato-sobre-mi-bio-1.jpg?w=1240&amp;ssl=1 1240w\" sizes=\"auto, (max-width: 1024px) 100vw, 1024px\" \/><\/figure><\/div>\n\n\n\n<figure class=\"wp-block-image size-large\"><img data-recalc-dims=\"1\" loading=\"lazy\" decoding=\"async\" width=\"1024\" height=\"576\" src=\"https:\/\/i0.wp.com\/rosa-arte.com\/wp-content\/uploads\/2021\/06\/rosa-arte-pinturas-sobre-mi-bio-1.jpg?resize=1024%2C576&#038;ssl=1\" alt=\"\" class=\"wp-image-991\" srcset=\"https:\/\/i0.wp.com\/rosa-arte.com\/wp-content\/uploads\/2021\/06\/rosa-arte-pinturas-sobre-mi-bio-1.jpg?resize=1024%2C576&amp;ssl=1 1024w, https:\/\/i0.wp.com\/rosa-arte.com\/wp-content\/uploads\/2021\/06\/rosa-arte-pinturas-sobre-mi-bio-1.jpg?resize=300%2C169&amp;ssl=1 300w, https:\/\/i0.wp.com\/rosa-arte.com\/wp-content\/uploads\/2021\/06\/rosa-arte-pinturas-sobre-mi-bio-1.jpg?resize=768%2C432&amp;ssl=1 768w, https:\/\/i0.wp.com\/rosa-arte.com\/wp-content\/uploads\/2021\/06\/rosa-arte-pinturas-sobre-mi-bio-1.jpg?resize=16%2C9&amp;ssl=1 16w, https:\/\/i0.wp.com\/rosa-arte.com\/wp-content\/uploads\/2021\/06\/rosa-arte-pinturas-sobre-mi-bio-1.jpg?resize=1100%2C619&amp;ssl=1 1100w, https:\/\/i0.wp.com\/rosa-arte.com\/wp-content\/uploads\/2021\/06\/rosa-arte-pinturas-sobre-mi-bio-1.jpg?resize=550%2C310&amp;ssl=1 550w, https:\/\/i0.wp.com\/rosa-arte.com\/wp-content\/uploads\/2021\/06\/rosa-arte-pinturas-sobre-mi-bio-1.jpg?resize=160%2C90&amp;ssl=1 160w, https:\/\/i0.wp.com\/rosa-arte.com\/wp-content\/uploads\/2021\/06\/rosa-arte-pinturas-sobre-mi-bio-1.jpg?w=1240&amp;ssl=1 1240w\" sizes=\"auto, (max-width: 1024px) 100vw, 1024px\" \/><\/figure>\n\n\n\n<p><\/p>\n<\/div>\n<\/div>\n\n\n\n<div style=\"height:10px\" aria-hidden=\"true\" class=\"wp-block-spacer\"><\/div>","protected":false},"excerpt":{"rendered":"<p>Artista nacida en Madrid Desde temprana edad he sentido atracci\u00f3n por el mundo de las artes pl\u00e1sticas y visuales. Mi inter\u00e9s siempre ha estado orientado hacia t\u00e9cnicas expresionistas e impresionistas, con claros referentes como Picasso, Matisse, Monet\u2026 Me gustar innovar y trabajar diferentes t\u00e9cnicas y materiales, a lo largo de mi trayectoria en mis obras [&hellip;]<\/p>\n<a class=\"read-more-link\" href=\" https:\/\/rosa-arte.com\/en\/about\/ \">Read more<\/a>","protected":false},"author":1,"featured_media":199,"parent":0,"menu_order":0,"comment_status":"closed","ping_status":"closed","template":"","meta":{"_coblocks_attr":"","_coblocks_dimensions":"","_coblocks_responsive_height":"","_coblocks_accordion_ie_support":"","inline_featured_image":false,"footnotes":""},"class_list":["post-363","page","type-page","status-publish","has-post-thumbnail","hentry"],"yoast_head":"<!-- This site is optimized with the Yoast SEO plugin v27.5 - https:\/\/yoast.com\/product\/yoast-seo-wordpress\/ -->\n<title>Sobre M\u00ed - Rosa Arte<\/title>\n<meta name=\"description\" content=\"Rosa Rodr\u00edguez es una artista madrile\u00f1a que se mueve entre las corrientes impresionistas y expresionistas, con una clara inclinaci\u00f3n hacia las obras abstractas y coloridas.\" \/>\n<meta name=\"robots\" content=\"index, follow, max-snippet:-1, max-image-preview:large, max-video-preview:-1\" \/>\n<link rel=\"canonical\" href=\"https:\/\/rosa-arte.com\/en\/about\/\" \/>\n<meta property=\"og:locale\" content=\"en_US\" \/>\n<meta property=\"og:type\" content=\"article\" \/>\n<meta property=\"og:title\" content=\"Sobre M\u00ed - Rosa Arte\" \/>\n<meta property=\"og:description\" content=\"Rosa Rodr\u00edguez es una artista madrile\u00f1a que se mueve entre las corrientes impresionistas y expresionistas, con una clara inclinaci\u00f3n hacia las obras abstractas y coloridas.\" \/>\n<meta property=\"og:url\" content=\"https:\/\/rosa-arte.com\/en\/about\/\" \/>\n<meta property=\"og:site_name\" content=\"Rosa Arte\" \/>\n<meta property=\"article:publisher\" content=\"https:\/\/www.facebook.com\/Rosaarte.galeria\" \/>\n<meta property=\"article:modified_time\" content=\"2021-08-30T02:24:42+00:00\" \/>\n<meta property=\"og:image\" content=\"https:\/\/i1.wp.com\/rosa-arte.com\/wp-content\/uploads\/2016\/06\/about-w.jpg?fit=300%2C115&ssl=1\" \/>\n\t<meta property=\"og:image:width\" content=\"300\" \/>\n\t<meta property=\"og:image:height\" content=\"115\" \/>\n\t<meta property=\"og:image:type\" content=\"image\/jpeg\" \/>\n<meta name=\"twitter:card\" content=\"summary_large_image\" \/>\n<meta name=\"twitter:label1\" content=\"Est. reading time\" \/>\n\t<meta name=\"twitter:data1\" content=\"1 minute\" \/>\n<script type=\"application\/ld+json\" class=\"yoast-schema-graph\">{\"@context\":\"https:\\\/\\\/schema.org\",\"@graph\":[{\"@type\":\"WebPage\",\"@id\":\"https:\\\/\\\/rosa-arte.com\\\/about\\\/\",\"url\":\"https:\\\/\\\/rosa-arte.com\\\/about\\\/\",\"name\":\"Sobre M\u00ed - Rosa Arte\",\"isPartOf\":{\"@id\":\"https:\\\/\\\/rosa-arte.com\\\/#website\"},\"primaryImageOfPage\":{\"@id\":\"https:\\\/\\\/rosa-arte.com\\\/about\\\/#primaryimage\"},\"image\":{\"@id\":\"https:\\\/\\\/rosa-arte.com\\\/about\\\/#primaryimage\"},\"thumbnailUrl\":\"https:\\\/\\\/i0.wp.com\\\/rosa-arte.com\\\/wp-content\\\/uploads\\\/2016\\\/06\\\/about-w.jpg?fit=300%2C115&ssl=1\",\"datePublished\":\"2016-06-06T11:32:25+00:00\",\"dateModified\":\"2021-08-30T02:24:42+00:00\",\"description\":\"Rosa Rodr\u00edguez es una artista madrile\u00f1a que se mueve entre las corrientes impresionistas y expresionistas, con una clara inclinaci\u00f3n hacia las obras abstractas y coloridas.\",\"breadcrumb\":{\"@id\":\"https:\\\/\\\/rosa-arte.com\\\/about\\\/#breadcrumb\"},\"inLanguage\":\"en-AU\",\"potentialAction\":[{\"@type\":\"ReadAction\",\"target\":[\"https:\\\/\\\/rosa-arte.com\\\/about\\\/\"]}]},{\"@type\":\"ImageObject\",\"inLanguage\":\"en-AU\",\"@id\":\"https:\\\/\\\/rosa-arte.com\\\/about\\\/#primaryimage\",\"url\":\"https:\\\/\\\/i0.wp.com\\\/rosa-arte.com\\\/wp-content\\\/uploads\\\/2016\\\/06\\\/about-w.jpg?fit=300%2C115&ssl=1\",\"contentUrl\":\"https:\\\/\\\/i0.wp.com\\\/rosa-arte.com\\\/wp-content\\\/uploads\\\/2016\\\/06\\\/about-w.jpg?fit=300%2C115&ssl=1\",\"width\":300,\"height\":115},{\"@type\":\"BreadcrumbList\",\"@id\":\"https:\\\/\\\/rosa-arte.com\\\/about\\\/#breadcrumb\",\"itemListElement\":[{\"@type\":\"ListItem\",\"position\":1,\"name\":\"Home\",\"item\":\"https:\\\/\\\/rosa-arte.com\\\/\"},{\"@type\":\"ListItem\",\"position\":2,\"name\":\"Sobre M\u00ed\"}]},{\"@type\":\"WebSite\",\"@id\":\"https:\\\/\\\/rosa-arte.com\\\/#website\",\"url\":\"https:\\\/\\\/rosa-arte.com\\\/\",\"name\":\"Rosa Arte\",\"description\":\"\",\"publisher\":{\"@id\":\"https:\\\/\\\/rosa-arte.com\\\/#organization\"},\"potentialAction\":[{\"@type\":\"SearchAction\",\"target\":{\"@type\":\"EntryPoint\",\"urlTemplate\":\"https:\\\/\\\/rosa-arte.com\\\/?s={search_term_string}\"},\"query-input\":{\"@type\":\"PropertyValueSpecification\",\"valueRequired\":true,\"valueName\":\"search_term_string\"}}],\"inLanguage\":\"en-AU\"},{\"@type\":\"Organization\",\"@id\":\"https:\\\/\\\/rosa-arte.com\\\/#organization\",\"name\":\"Rosa Arte\",\"url\":\"https:\\\/\\\/rosa-arte.com\\\/\",\"logo\":{\"@type\":\"ImageObject\",\"inLanguage\":\"en-AU\",\"@id\":\"https:\\\/\\\/rosa-arte.com\\\/#\\\/schema\\\/logo\\\/image\\\/\",\"url\":\"https:\\\/\\\/i1.wp.com\\\/rosa-arte.com\\\/wp-content\\\/uploads\\\/2021\\\/07\\\/FB-Logo.jpg?fit=180%2C180&ssl=1\",\"contentUrl\":\"https:\\\/\\\/i1.wp.com\\\/rosa-arte.com\\\/wp-content\\\/uploads\\\/2021\\\/07\\\/FB-Logo.jpg?fit=180%2C180&ssl=1\",\"width\":180,\"height\":180,\"caption\":\"Rosa Arte\"},\"image\":{\"@id\":\"https:\\\/\\\/rosa-arte.com\\\/#\\\/schema\\\/logo\\\/image\\\/\"},\"sameAs\":[\"https:\\\/\\\/www.facebook.com\\\/Rosaarte.galeria\",\"https:\\\/\\\/www.instagram.com\\\/rosa_arte_galeria\\\/\"]}]}<\/script>\n<!-- \/ Yoast SEO plugin. -->","yoast_head_json":{"title":"Sobre M\u00ed - Rosa Arte","description":"Rosa Rodr\u00edguez es una artista madrile\u00f1a que se mueve entre las corrientes impresionistas y expresionistas, con una clara inclinaci\u00f3n hacia las obras abstractas y coloridas.","robots":{"index":"index","follow":"follow","max-snippet":"max-snippet:-1","max-image-preview":"max-image-preview:large","max-video-preview":"max-video-preview:-1"},"canonical":"https:\/\/rosa-arte.com\/en\/about\/","og_locale":"en_US","og_type":"article","og_title":"Sobre M\u00ed - Rosa Arte","og_description":"Rosa Rodr\u00edguez es una artista madrile\u00f1a que se mueve entre las corrientes impresionistas y expresionistas, con una clara inclinaci\u00f3n hacia las obras abstractas y coloridas.","og_url":"https:\/\/rosa-arte.com\/en\/about\/","og_site_name":"Rosa Arte","article_publisher":"https:\/\/www.facebook.com\/Rosaarte.galeria","article_modified_time":"2021-08-30T02:24:42+00:00","og_image":[{"width":300,"height":115,"url":"https:\/\/i1.wp.com\/rosa-arte.com\/wp-content\/uploads\/2016\/06\/about-w.jpg?fit=300%2C115&ssl=1","type":"image\/jpeg"}],"twitter_card":"summary_large_image","twitter_misc":{"Est. reading time":"1 minute"},"schema":{"@context":"https:\/\/schema.org","@graph":[{"@type":"WebPage","@id":"https:\/\/rosa-arte.com\/about\/","url":"https:\/\/rosa-arte.com\/about\/","name":"Sobre M\u00ed - Rosa Arte","isPartOf":{"@id":"https:\/\/rosa-arte.com\/#website"},"primaryImageOfPage":{"@id":"https:\/\/rosa-arte.com\/about\/#primaryimage"},"image":{"@id":"https:\/\/rosa-arte.com\/about\/#primaryimage"},"thumbnailUrl":"https:\/\/i0.wp.com\/rosa-arte.com\/wp-content\/uploads\/2016\/06\/about-w.jpg?fit=300%2C115&ssl=1","datePublished":"2016-06-06T11:32:25+00:00","dateModified":"2021-08-30T02:24:42+00:00","description":"Rosa Rodr\u00edguez es una artista madrile\u00f1a que se mueve entre las corrientes impresionistas y expresionistas, con una clara inclinaci\u00f3n hacia las obras abstractas y coloridas.","breadcrumb":{"@id":"https:\/\/rosa-arte.com\/about\/#breadcrumb"},"inLanguage":"en-AU","potentialAction":[{"@type":"ReadAction","target":["https:\/\/rosa-arte.com\/about\/"]}]},{"@type":"ImageObject","inLanguage":"en-AU","@id":"https:\/\/rosa-arte.com\/about\/#primaryimage","url":"https:\/\/i0.wp.com\/rosa-arte.com\/wp-content\/uploads\/2016\/06\/about-w.jpg?fit=300%2C115&ssl=1","contentUrl":"https:\/\/i0.wp.com\/rosa-arte.com\/wp-content\/uploads\/2016\/06\/about-w.jpg?fit=300%2C115&ssl=1","width":300,"height":115},{"@type":"BreadcrumbList","@id":"https:\/\/rosa-arte.com\/about\/#breadcrumb","itemListElement":[{"@type":"ListItem","position":1,"name":"Home","item":"https:\/\/rosa-arte.com\/"},{"@type":"ListItem","position":2,"name":"Sobre M\u00ed"}]},{"@type":"WebSite","@id":"https:\/\/rosa-arte.com\/#website","url":"https:\/\/rosa-arte.com\/","name":"Rosa Arte","description":"","publisher":{"@id":"https:\/\/rosa-arte.com\/#organization"},"potentialAction":[{"@type":"SearchAction","target":{"@type":"EntryPoint","urlTemplate":"https:\/\/rosa-arte.com\/?s={search_term_string}"},"query-input":{"@type":"PropertyValueSpecification","valueRequired":true,"valueName":"search_term_string"}}],"inLanguage":"en-AU"},{"@type":"Organization","@id":"https:\/\/rosa-arte.com\/#organization","name":"Rosa Arte","url":"https:\/\/rosa-arte.com\/","logo":{"@type":"ImageObject","inLanguage":"en-AU","@id":"https:\/\/rosa-arte.com\/#\/schema\/logo\/image\/","url":"https:\/\/i1.wp.com\/rosa-arte.com\/wp-content\/uploads\/2021\/07\/FB-Logo.jpg?fit=180%2C180&ssl=1","contentUrl":"https:\/\/i1.wp.com\/rosa-arte.com\/wp-content\/uploads\/2021\/07\/FB-Logo.jpg?fit=180%2C180&ssl=1","width":180,"height":180,"caption":"Rosa Arte"},"image":{"@id":"https:\/\/rosa-arte.com\/#\/schema\/logo\/image\/"},"sameAs":["https:\/\/www.facebook.com\/Rosaarte.galeria","https:\/\/www.instagram.com\/rosa_arte_galeria\/"]}]}},"jetpack_sharing_enabled":false,"_links":{"self":[{"href":"https:\/\/rosa-arte.com\/en\/wp-json\/wp\/v2\/pages\/363","targetHints":{"allow":["GET"]}}],"collection":[{"href":"https:\/\/rosa-arte.com\/en\/wp-json\/wp\/v2\/pages"}],"about":[{"href":"https:\/\/rosa-arte.com\/en\/wp-json\/wp\/v2\/types\/page"}],"author":[{"embeddable":true,"href":"https:\/\/rosa-arte.com\/en\/wp-json\/wp\/v2\/users\/1"}],"replies":[{"embeddable":true,"href":"https:\/\/rosa-arte.com\/en\/wp-json\/wp\/v2\/comments?post=363"}],"version-history":[{"count":21,"href":"https:\/\/rosa-arte.com\/en\/wp-json\/wp\/v2\/pages\/363\/revisions"}],"predecessor-version":[{"id":1110,"href":"https:\/\/rosa-arte.com\/en\/wp-json\/wp\/v2\/pages\/363\/revisions\/1110"}],"wp:featuredmedia":[{"embeddable":true,"href":"https:\/\/rosa-arte.com\/en\/wp-json\/wp\/v2\/media\/199"}],"wp:attachment":[{"href":"https:\/\/rosa-arte.com\/en\/wp-json\/wp\/v2\/media?parent=363"}],"curies":[{"name":"wp","href":"https:\/\/api.w.org\/{rel}","templated":true}]}}